{"id":954,"date":"2020-01-17T09:17:45","date_gmt":"2020-01-17T08:17:45","guid":{"rendered":"http:\/\/hoteleuropeo.demo2.kioostudio.it\/_wordpress\/escursionismo\/"},"modified":"2020-02-10T12:22:03","modified_gmt":"2020-02-10T11:22:03","slug":"ausfluege","status":"publish","type":"page","link":"https:\/\/www.hoteleuropeo.com\/de\/dolomiten\/ausfluege\/","title":{"rendered":"Ausfl\u00fcge"},"content":{"rendered":"<p>Der <strong>Dolomiti Brenta Trek<\/strong> ist die beliebteste <strong>Route f\u00fcr Wanderer rund um Pinzolo<\/strong> und im Herzen des gr\u00fcnen Adamello Brenta Naturparks. Ihre besondere Ringform und ihre Lage in einer himmlischen Umgebung, gesch\u00fctzt von den majest\u00e4tischen Gipfeln der Brenta, machen sie einzigartig. Die \u201eExpert\u201c-Route ist ideal f\u00fcr erfahrenere Wanderer, w\u00e4hrend die \u201eCountry\u201c-Route es Ihnen erm\u00f6glicht, die Aussicht in aller Ruhe zu genie\u00dfen.<\/p>\n<p>Das Gebiet des Val Rendena und Pinzolo bietet weitere faszinierende <strong>Touren f\u00fcr Ausfl\u00fcge in die Dolomiten<\/strong>. Mit dem Rucksack auf den Schultern und Stiefeln an den F\u00fc\u00dfen erreichen Sie Cima Durmont, den Masanel-Wasserfall, den Doss del Sabion, die Einsiedelei von San Martino, die Val Genova-Wasserf\u00e4lle, die San Giuliano-Seen, Cima Durmont und viele andere spektakul\u00e4re Ziele und Schutzgebiete der Alpen.<\/p>\n","protected":false},"excerpt":{"rendered":"<p>Der Dolomiti Brenta Trek ist die beliebteste Route f\u00fcr Wanderer rund um Pinzolo und im Herzen des gr\u00fcnen Adamello Brenta Naturparks. Ihre besondere Ringform und ihre Lage in einer himmlischen Umgebung, gesch\u00fctzt von den majest\u00e4tischen Gipfeln der Brenta, machen sie einzigartig. Die \u201eExpert\u201c-Route ist ideal f\u00fcr erfahrenere Wanderer, w\u00e4hrend die \u201eCountry\u201c-Route es Ihnen erm\u00f6glicht, die [&hellip;]<\/p>\n","protected":false},"author":1,"featured_media":2330,"parent":1002,"menu_order":0,"comment_status":"closed","ping_status":"closed","template":"","meta":[],"class_list":["post-954","page","type-page","status-publish","has-post-thumbnail","hentry","odd"],"yoast_head":"<!-- This site is optimized with the Yoast SEO plugin v27.4 - https:\/\/yoast.com\/product\/yoast-seo-wordpress\/ -->\n<title>Ausfl\u00fcge und Routen Pinzolo und Val Rendena | Hotel Europeo Pinzolo<\/title>\n<meta name=\"description\" content=\"Ausfl\u00fcge und Trekkingrouten in Pinzolo und Val Rendena. Qualit\u00e4t, herzlicher Empfang und Vertraulichkeit. Buchen Sie jetzt Ihren Urlaub!\" \/>\n<meta name=\"robots\" content=\"index, follow, max-snippet:-1, max-image-preview:large, max-video-preview:-1\" \/>\n<link rel=\"canonical\" href=\"https:\/\/www.hoteleuropeo.com\/de\/dolomiten\/ausfluege\/\" \/>\n<meta property=\"og:locale\" content=\"de_DE\" \/>\n<meta property=\"og:type\" content=\"article\" \/>\n<meta property=\"og:title\" content=\"Ausfl\u00fcge und Routen Pinzolo und Val Rendena | Hotel Europeo Pinzolo\" \/>\n<meta property=\"og:description\" content=\"Ausfl\u00fcge und Trekkingrouten in Pinzolo und Val Rendena. Qualit\u00e4t, herzlicher Empfang und Vertraulichkeit. Buchen Sie jetzt Ihren Urlaub!\" \/>\n<meta property=\"og:url\" content=\"https:\/\/www.hoteleuropeo.com\/de\/dolomiten\/ausfluege\/\" \/>\n<meta property=\"og:site_name\" content=\"Hotel Europeo\" \/>\n<meta property=\"article:modified_time\" content=\"2020-02-10T11:22:03+00:00\" \/>\n<meta property=\"og:image\" content=\"https:\/\/www.hoteleuropeo.com\/wp-content\/uploads\/2020\/02\/26654C.Baroni-1024x767.jpg\" \/>\n\t<meta property=\"og:image:width\" content=\"1024\" \/>\n\t<meta property=\"og:image:height\" content=\"767\" \/>\n\t<meta property=\"og:image:type\" content=\"image\/jpeg\" \/>\n<meta name=\"twitter:card\" content=\"summary_large_image\" \/>\n<meta name=\"twitter:label1\" content=\"Gesch\u00e4tzte Lesezeit\" \/>\n\t<meta name=\"twitter:data1\" content=\"1\u00a0Minute\" \/>\n<script type=\"application\/ld+json\" class=\"yoast-schema-graph\">{\"@context\":\"https:\\\/\\\/schema.org\",\"@graph\":[{\"@type\":\"WebPage\",\"@id\":\"https:\\\/\\\/www.hoteleuropeo.com\\\/de\\\/dolomiten\\\/ausfluege\\\/\",\"url\":\"https:\\\/\\\/www.hoteleuropeo.com\\\/de\\\/dolomiten\\\/ausfluege\\\/\",\"name\":\"Ausfl\u00fcge und Routen Pinzolo und Val Rendena | Hotel Europeo Pinzolo\",\"isPartOf\":{\"@id\":\"https:\\\/\\\/www.hoteleuropeo.com\\\/de\\\/#website\"},\"primaryImageOfPage\":{\"@id\":\"https:\\\/\\\/www.hoteleuropeo.com\\\/de\\\/dolomiten\\\/ausfluege\\\/#primaryimage\"},\"image\":{\"@id\":\"https:\\\/\\\/www.hoteleuropeo.com\\\/de\\\/dolomiten\\\/ausfluege\\\/#primaryimage\"},\"thumbnailUrl\":\"https:\\\/\\\/www.hoteleuropeo.com\\\/wp-content\\\/uploads\\\/2020\\\/02\\\/26654C.Baroni.jpg\",\"datePublished\":\"2020-01-17T08:17:45+00:00\",\"dateModified\":\"2020-02-10T11:22:03+00:00\",\"description\":\"Ausfl\u00fcge und Trekkingrouten in Pinzolo und Val Rendena. Qualit\u00e4t, herzlicher Empfang und Vertraulichkeit. Buchen Sie jetzt Ihren Urlaub!\",\"breadcrumb\":{\"@id\":\"https:\\\/\\\/www.hoteleuropeo.com\\\/de\\\/dolomiten\\\/ausfluege\\\/#breadcrumb\"},\"inLanguage\":\"de\",\"potentialAction\":[{\"@type\":\"ReadAction\",\"target\":[\"https:\\\/\\\/www.hoteleuropeo.com\\\/de\\\/dolomiten\\\/ausfluege\\\/\"]}]},{\"@type\":\"ImageObject\",\"inLanguage\":\"de\",\"@id\":\"https:\\\/\\\/www.hoteleuropeo.com\\\/de\\\/dolomiten\\\/ausfluege\\\/#primaryimage\",\"url\":\"https:\\\/\\\/www.hoteleuropeo.com\\\/wp-content\\\/uploads\\\/2020\\\/02\\\/26654C.Baroni.jpg\",\"contentUrl\":\"https:\\\/\\\/www.hoteleuropeo.com\\\/wp-content\\\/uploads\\\/2020\\\/02\\\/26654C.Baroni.jpg\",\"width\":2560,\"height\":1918,\"caption\":\"Ausfl\u00fcge Val Rendena\"},{\"@type\":\"BreadcrumbList\",\"@id\":\"https:\\\/\\\/www.hoteleuropeo.com\\\/de\\\/dolomiten\\\/ausfluege\\\/#breadcrumb\",\"itemListElement\":[{\"@type\":\"ListItem\",\"position\":1,\"name\":\"Home\",\"item\":\"https:\\\/\\\/www.hoteleuropeo.com\\\/de\\\/\"},{\"@type\":\"ListItem\",\"position\":2,\"name\":\"Dolomiten\",\"item\":\"https:\\\/\\\/www.hoteleuropeo.com\\\/de\\\/dolomiten\\\/\"},{\"@type\":\"ListItem\",\"position\":3,\"name\":\"Ausfl\u00fcge\"}]},{\"@type\":\"WebSite\",\"@id\":\"https:\\\/\\\/www.hoteleuropeo.com\\\/de\\\/#website\",\"url\":\"https:\\\/\\\/www.hoteleuropeo.com\\\/de\\\/\",\"name\":\"Hotel Europeo\",\"description\":\"\",\"potentialAction\":[{\"@type\":\"SearchAction\",\"target\":{\"@type\":\"EntryPoint\",\"urlTemplate\":\"https:\\\/\\\/www.hoteleuropeo.com\\\/de\\\/?s={search_term_string}\"},\"query-input\":{\"@type\":\"PropertyValueSpecification\",\"valueRequired\":true,\"valueName\":\"search_term_string\"}}],\"inLanguage\":\"de\"}]}<\/script>\n<!-- \/ Yoast SEO plugin. -->","yoast_head_json":{"title":"Ausfl\u00fcge und Routen Pinzolo und Val Rendena | Hotel Europeo Pinzolo","description":"Ausfl\u00fcge und Trekkingrouten in Pinzolo und Val Rendena. Qualit\u00e4t, herzlicher Empfang und Vertraulichkeit. Buchen Sie jetzt Ihren Urlaub!","robots":{"index":"index","follow":"follow","max-snippet":"max-snippet:-1","max-image-preview":"max-image-preview:large","max-video-preview":"max-video-preview:-1"},"canonical":"https:\/\/www.hoteleuropeo.com\/de\/dolomiten\/ausfluege\/","og_locale":"de_DE","og_type":"article","og_title":"Ausfl\u00fcge und Routen Pinzolo und Val Rendena | Hotel Europeo Pinzolo","og_description":"Ausfl\u00fcge und Trekkingrouten in Pinzolo und Val Rendena. Qualit\u00e4t, herzlicher Empfang und Vertraulichkeit. Buchen Sie jetzt Ihren Urlaub!","og_url":"https:\/\/www.hoteleuropeo.com\/de\/dolomiten\/ausfluege\/","og_site_name":"Hotel Europeo","article_modified_time":"2020-02-10T11:22:03+00:00","og_image":[{"width":1024,"height":767,"url":"https:\/\/www.hoteleuropeo.com\/wp-content\/uploads\/2020\/02\/26654C.Baroni-1024x767.jpg","type":"image\/jpeg"}],"twitter_card":"summary_large_image","twitter_misc":{"Gesch\u00e4tzte Lesezeit":"1\u00a0Minute"},"schema":{"@context":"https:\/\/schema.org","@graph":[{"@type":"WebPage","@id":"https:\/\/www.hoteleuropeo.com\/de\/dolomiten\/ausfluege\/","url":"https:\/\/www.hoteleuropeo.com\/de\/dolomiten\/ausfluege\/","name":"Ausfl\u00fcge und Routen Pinzolo und Val Rendena | Hotel Europeo Pinzolo","isPartOf":{"@id":"https:\/\/www.hoteleuropeo.com\/de\/#website"},"primaryImageOfPage":{"@id":"https:\/\/www.hoteleuropeo.com\/de\/dolomiten\/ausfluege\/#primaryimage"},"image":{"@id":"https:\/\/www.hoteleuropeo.com\/de\/dolomiten\/ausfluege\/#primaryimage"},"thumbnailUrl":"https:\/\/www.hoteleuropeo.com\/wp-content\/uploads\/2020\/02\/26654C.Baroni.jpg","datePublished":"2020-01-17T08:17:45+00:00","dateModified":"2020-02-10T11:22:03+00:00","description":"Ausfl\u00fcge und Trekkingrouten in Pinzolo und Val Rendena. Qualit\u00e4t, herzlicher Empfang und Vertraulichkeit. Buchen Sie jetzt Ihren Urlaub!","breadcrumb":{"@id":"https:\/\/www.hoteleuropeo.com\/de\/dolomiten\/ausfluege\/#breadcrumb"},"inLanguage":"de","potentialAction":[{"@type":"ReadAction","target":["https:\/\/www.hoteleuropeo.com\/de\/dolomiten\/ausfluege\/"]}]},{"@type":"ImageObject","inLanguage":"de","@id":"https:\/\/www.hoteleuropeo.com\/de\/dolomiten\/ausfluege\/#primaryimage","url":"https:\/\/www.hoteleuropeo.com\/wp-content\/uploads\/2020\/02\/26654C.Baroni.jpg","contentUrl":"https:\/\/www.hoteleuropeo.com\/wp-content\/uploads\/2020\/02\/26654C.Baroni.jpg","width":2560,"height":1918,"caption":"Ausfl\u00fcge Val Rendena"},{"@type":"BreadcrumbList","@id":"https:\/\/www.hoteleuropeo.com\/de\/dolomiten\/ausfluege\/#breadcrumb","itemListElement":[{"@type":"ListItem","position":1,"name":"Home","item":"https:\/\/www.hoteleuropeo.com\/de\/"},{"@type":"ListItem","position":2,"name":"Dolomiten","item":"https:\/\/www.hoteleuropeo.com\/de\/dolomiten\/"},{"@type":"ListItem","position":3,"name":"Ausfl\u00fcge"}]},{"@type":"WebSite","@id":"https:\/\/www.hoteleuropeo.com\/de\/#website","url":"https:\/\/www.hoteleuropeo.com\/de\/","name":"Hotel Europeo","description":"","potentialAction":[{"@type":"SearchAction","target":{"@type":"EntryPoint","urlTemplate":"https:\/\/www.hoteleuropeo.com\/de\/?s={search_term_string}"},"query-input":{"@type":"PropertyValueSpecification","valueRequired":true,"valueName":"search_term_string"}}],"inLanguage":"de"}]}},"_links":{"self":[{"href":"https:\/\/www.hoteleuropeo.com\/de\/wp-json\/wp\/v2\/pages\/954","targetHints":{"allow":["GET"]}}],"collection":[{"href":"https:\/\/www.hoteleuropeo.com\/de\/wp-json\/wp\/v2\/pages"}],"about":[{"href":"https:\/\/www.hoteleuropeo.com\/de\/wp-json\/wp\/v2\/types\/page"}],"author":[{"embeddable":true,"href":"https:\/\/www.hoteleuropeo.com\/de\/wp-json\/wp\/v2\/users\/1"}],"replies":[{"embeddable":true,"href":"https:\/\/www.hoteleuropeo.com\/de\/wp-json\/wp\/v2\/comments?post=954"}],"version-history":[{"count":8,"href":"https:\/\/www.hoteleuropeo.com\/de\/wp-json\/wp\/v2\/pages\/954\/revisions"}],"predecessor-version":[{"id":2043,"href":"https:\/\/www.hoteleuropeo.com\/de\/wp-json\/wp\/v2\/pages\/954\/revisions\/2043"}],"up":[{"embeddable":true,"href":"https:\/\/www.hoteleuropeo.com\/de\/wp-json\/wp\/v2\/pages\/1002"}],"wp:featuredmedia":[{"embeddable":true,"href":"https:\/\/www.hoteleuropeo.com\/de\/wp-json\/wp\/v2\/media\/2330"}],"wp:attachment":[{"href":"https:\/\/www.hoteleuropeo.com\/de\/wp-json\/wp\/v2\/media?parent=954"}],"curies":[{"name":"wp","href":"https:\/\/api.w.org\/{rel}","templated":true}]}}