{"id":935,"date":"2020-01-17T09:17:45","date_gmt":"2020-01-17T08:17:45","guid":{"rendered":"http:\/\/hoteleuropeo.demo2.kioostudio.it\/_wordpress\/bar-gelateria\/"},"modified":"2020-01-30T11:53:39","modified_gmt":"2020-01-30T10:53:39","slug":"eisdiele-bar","status":"publish","type":"page","link":"https:\/\/www.hoteleuropeo.com\/de\/geschmack\/eisdiele-bar\/","title":{"rendered":"Eisdiele &#038; Bar"},"content":{"rendered":"<p>Durch die Auswahl erstklassiger Produkte, die Verwendung von ausschlie\u00dflich frischem Obst und die Anwendung innovativer Techniken stellen wir sicher, dass unser <strong>handgefertigtes Eis <\/strong>stets<strong> von h\u00f6chster Qualit\u00e4t<\/strong> ist. Seit der Einweihung am 17. Juni 1981 haben zahlreiche G\u00e4ste ihren Platz in der Eisdiele des Hotels Europeo in Pinzolo eingenommen und dort Giacomos s\u00fc\u00dfe K\u00f6stlichkeiten verkostet. Lassen auch Sie sich von den Aromen des ber\u00fchmten, mit saftigen, in unseren geliebten Bergen gesammelten Waldfr\u00fcchten zubereiteten <strong>\u201eCoppa Bosco\u201c<\/strong> verzaubern.<\/p>\n<p>W\u00e4hrend wir mit Spannung die s\u00fc\u00dfen \u00dcberraschungen erwarten, die die Zukunft f\u00fcr uns bereith\u00e4lt, bleiben unser Engagement und unsere Liebe zu diesem Produkt einer der bedeutendsten typisch italienischen K\u00fcnste unver\u00e4ndert.<\/p>\n","protected":false},"excerpt":{"rendered":"<p>Durch die Auswahl erstklassiger Produkte, die Verwendung von ausschlie\u00dflich frischem Obst und die Anwendung innovativer Techniken stellen wir sicher, dass unser handgefertigtes Eis stets von h\u00f6chster Qualit\u00e4t ist. Seit der Einweihung am 17. Juni 1981 haben zahlreiche G\u00e4ste ihren Platz in der Eisdiele des Hotels Europeo in Pinzolo eingenommen und dort Giacomos s\u00fc\u00dfe K\u00f6stlichkeiten verkostet. [&hellip;]<\/p>\n","protected":false},"author":1,"featured_media":604,"parent":1007,"menu_order":0,"comment_status":"closed","ping_status":"closed","template":"","meta":[],"class_list":["post-935","page","type-page","status-publish","has-post-thumbnail","hentry","odd"],"yoast_head":"<!-- This site is optimized with the Yoast SEO plugin v27.4 - https:\/\/yoast.com\/product\/yoast-seo-wordpress\/ -->\n<title>Eisdiele und Bar mit hausgemachtes Eis in Pinzolo | Hotel Europeo Pinzolo<\/title>\n<meta name=\"description\" content=\"Kommen Sie in unsere Eisdiele und probieren Sie das hausgemachte Eis . Qualit\u00e4t, herzlicher Empfang und Vertraulichkeit. Genie\u00dfen Sie Ihren Urlaub!\" \/>\n<meta name=\"robots\" content=\"index, follow, max-snippet:-1, max-image-preview:large, max-video-preview:-1\" \/>\n<link rel=\"canonical\" href=\"https:\/\/www.hoteleuropeo.com\/de\/geschmack\/eisdiele-bar\/\" \/>\n<meta property=\"og:locale\" content=\"de_DE\" \/>\n<meta property=\"og:type\" content=\"article\" \/>\n<meta property=\"og:title\" content=\"Eisdiele und Bar mit hausgemachtes Eis in Pinzolo | Hotel Europeo Pinzolo\" \/>\n<meta property=\"og:description\" content=\"Kommen Sie in unsere Eisdiele und probieren Sie das hausgemachte Eis . Qualit\u00e4t, herzlicher Empfang und Vertraulichkeit. Genie\u00dfen Sie Ihren Urlaub!\" \/>\n<meta property=\"og:url\" content=\"https:\/\/www.hoteleuropeo.com\/de\/geschmack\/eisdiele-bar\/\" \/>\n<meta property=\"og:site_name\" content=\"Hotel Europeo\" \/>\n<meta property=\"article:modified_time\" content=\"2020-01-30T10:53:39+00:00\" \/>\n<meta property=\"og:image\" content=\"https:\/\/www.hoteleuropeo.com\/wp-content\/uploads\/2020\/01\/bar-gelateria.jpg\" \/>\n\t<meta property=\"og:image:width\" content=\"1920\" \/>\n\t<meta property=\"og:image:height\" content=\"1080\" \/>\n\t<meta property=\"og:image:type\" content=\"image\/jpeg\" \/>\n<meta name=\"twitter:card\" content=\"summary_large_image\" \/>\n<meta name=\"twitter:label1\" content=\"Gesch\u00e4tzte Lesezeit\" \/>\n\t<meta name=\"twitter:data1\" content=\"1\u00a0Minute\" \/>\n<script type=\"application\/ld+json\" class=\"yoast-schema-graph\">{\"@context\":\"https:\\\/\\\/schema.org\",\"@graph\":[{\"@type\":\"WebPage\",\"@id\":\"https:\\\/\\\/www.hoteleuropeo.com\\\/de\\\/geschmack\\\/eisdiele-bar\\\/\",\"url\":\"https:\\\/\\\/www.hoteleuropeo.com\\\/de\\\/geschmack\\\/eisdiele-bar\\\/\",\"name\":\"Eisdiele und Bar mit hausgemachtes Eis in Pinzolo | Hotel Europeo Pinzolo\",\"isPartOf\":{\"@id\":\"https:\\\/\\\/www.hoteleuropeo.com\\\/de\\\/#website\"},\"primaryImageOfPage\":{\"@id\":\"https:\\\/\\\/www.hoteleuropeo.com\\\/de\\\/geschmack\\\/eisdiele-bar\\\/#primaryimage\"},\"image\":{\"@id\":\"https:\\\/\\\/www.hoteleuropeo.com\\\/de\\\/geschmack\\\/eisdiele-bar\\\/#primaryimage\"},\"thumbnailUrl\":\"https:\\\/\\\/www.hoteleuropeo.com\\\/wp-content\\\/uploads\\\/2020\\\/01\\\/bar-gelateria.jpg\",\"datePublished\":\"2020-01-17T08:17:45+00:00\",\"dateModified\":\"2020-01-30T10:53:39+00:00\",\"description\":\"Kommen Sie in unsere Eisdiele und probieren Sie das hausgemachte Eis . Qualit\u00e4t, herzlicher Empfang und Vertraulichkeit. Genie\u00dfen Sie Ihren Urlaub!\",\"breadcrumb\":{\"@id\":\"https:\\\/\\\/www.hoteleuropeo.com\\\/de\\\/geschmack\\\/eisdiele-bar\\\/#breadcrumb\"},\"inLanguage\":\"de\",\"potentialAction\":[{\"@type\":\"ReadAction\",\"target\":[\"https:\\\/\\\/www.hoteleuropeo.com\\\/de\\\/geschmack\\\/eisdiele-bar\\\/\"]}]},{\"@type\":\"ImageObject\",\"inLanguage\":\"de\",\"@id\":\"https:\\\/\\\/www.hoteleuropeo.com\\\/de\\\/geschmack\\\/eisdiele-bar\\\/#primaryimage\",\"url\":\"https:\\\/\\\/www.hoteleuropeo.com\\\/wp-content\\\/uploads\\\/2020\\\/01\\\/bar-gelateria.jpg\",\"contentUrl\":\"https:\\\/\\\/www.hoteleuropeo.com\\\/wp-content\\\/uploads\\\/2020\\\/01\\\/bar-gelateria.jpg\",\"width\":1920,\"height\":1080,\"caption\":\"Waldfrucht-Eisbecher Eisdiele Europeo Pinzolo\"},{\"@type\":\"BreadcrumbList\",\"@id\":\"https:\\\/\\\/www.hoteleuropeo.com\\\/de\\\/geschmack\\\/eisdiele-bar\\\/#breadcrumb\",\"itemListElement\":[{\"@type\":\"ListItem\",\"position\":1,\"name\":\"Home\",\"item\":\"https:\\\/\\\/www.hoteleuropeo.com\\\/de\\\/\"},{\"@type\":\"ListItem\",\"position\":2,\"name\":\"Geschmack\",\"item\":\"https:\\\/\\\/www.hoteleuropeo.com\\\/de\\\/geschmack\\\/\"},{\"@type\":\"ListItem\",\"position\":3,\"name\":\"Eisdiele &#038; Bar\"}]},{\"@type\":\"WebSite\",\"@id\":\"https:\\\/\\\/www.hoteleuropeo.com\\\/de\\\/#website\",\"url\":\"https:\\\/\\\/www.hoteleuropeo.com\\\/de\\\/\",\"name\":\"Hotel Europeo\",\"description\":\"\",\"potentialAction\":[{\"@type\":\"SearchAction\",\"target\":{\"@type\":\"EntryPoint\",\"urlTemplate\":\"https:\\\/\\\/www.hoteleuropeo.com\\\/de\\\/?s={search_term_string}\"},\"query-input\":{\"@type\":\"PropertyValueSpecification\",\"valueRequired\":true,\"valueName\":\"search_term_string\"}}],\"inLanguage\":\"de\"}]}<\/script>\n<!-- \/ Yoast SEO plugin. -->","yoast_head_json":{"title":"Eisdiele und Bar mit hausgemachtes Eis in Pinzolo | Hotel Europeo Pinzolo","description":"Kommen Sie in unsere Eisdiele und probieren Sie das hausgemachte Eis . Qualit\u00e4t, herzlicher Empfang und Vertraulichkeit. Genie\u00dfen Sie Ihren Urlaub!","robots":{"index":"index","follow":"follow","max-snippet":"max-snippet:-1","max-image-preview":"max-image-preview:large","max-video-preview":"max-video-preview:-1"},"canonical":"https:\/\/www.hoteleuropeo.com\/de\/geschmack\/eisdiele-bar\/","og_locale":"de_DE","og_type":"article","og_title":"Eisdiele und Bar mit hausgemachtes Eis in Pinzolo | Hotel Europeo Pinzolo","og_description":"Kommen Sie in unsere Eisdiele und probieren Sie das hausgemachte Eis . Qualit\u00e4t, herzlicher Empfang und Vertraulichkeit. Genie\u00dfen Sie Ihren Urlaub!","og_url":"https:\/\/www.hoteleuropeo.com\/de\/geschmack\/eisdiele-bar\/","og_site_name":"Hotel Europeo","article_modified_time":"2020-01-30T10:53:39+00:00","og_image":[{"width":1920,"height":1080,"url":"https:\/\/www.hoteleuropeo.com\/wp-content\/uploads\/2020\/01\/bar-gelateria.jpg","type":"image\/jpeg"}],"twitter_card":"summary_large_image","twitter_misc":{"Gesch\u00e4tzte Lesezeit":"1\u00a0Minute"},"schema":{"@context":"https:\/\/schema.org","@graph":[{"@type":"WebPage","@id":"https:\/\/www.hoteleuropeo.com\/de\/geschmack\/eisdiele-bar\/","url":"https:\/\/www.hoteleuropeo.com\/de\/geschmack\/eisdiele-bar\/","name":"Eisdiele und Bar mit hausgemachtes Eis in Pinzolo | Hotel Europeo Pinzolo","isPartOf":{"@id":"https:\/\/www.hoteleuropeo.com\/de\/#website"},"primaryImageOfPage":{"@id":"https:\/\/www.hoteleuropeo.com\/de\/geschmack\/eisdiele-bar\/#primaryimage"},"image":{"@id":"https:\/\/www.hoteleuropeo.com\/de\/geschmack\/eisdiele-bar\/#primaryimage"},"thumbnailUrl":"https:\/\/www.hoteleuropeo.com\/wp-content\/uploads\/2020\/01\/bar-gelateria.jpg","datePublished":"2020-01-17T08:17:45+00:00","dateModified":"2020-01-30T10:53:39+00:00","description":"Kommen Sie in unsere Eisdiele und probieren Sie das hausgemachte Eis . Qualit\u00e4t, herzlicher Empfang und Vertraulichkeit. Genie\u00dfen Sie Ihren Urlaub!","breadcrumb":{"@id":"https:\/\/www.hoteleuropeo.com\/de\/geschmack\/eisdiele-bar\/#breadcrumb"},"inLanguage":"de","potentialAction":[{"@type":"ReadAction","target":["https:\/\/www.hoteleuropeo.com\/de\/geschmack\/eisdiele-bar\/"]}]},{"@type":"ImageObject","inLanguage":"de","@id":"https:\/\/www.hoteleuropeo.com\/de\/geschmack\/eisdiele-bar\/#primaryimage","url":"https:\/\/www.hoteleuropeo.com\/wp-content\/uploads\/2020\/01\/bar-gelateria.jpg","contentUrl":"https:\/\/www.hoteleuropeo.com\/wp-content\/uploads\/2020\/01\/bar-gelateria.jpg","width":1920,"height":1080,"caption":"Waldfrucht-Eisbecher Eisdiele Europeo Pinzolo"},{"@type":"BreadcrumbList","@id":"https:\/\/www.hoteleuropeo.com\/de\/geschmack\/eisdiele-bar\/#breadcrumb","itemListElement":[{"@type":"ListItem","position":1,"name":"Home","item":"https:\/\/www.hoteleuropeo.com\/de\/"},{"@type":"ListItem","position":2,"name":"Geschmack","item":"https:\/\/www.hoteleuropeo.com\/de\/geschmack\/"},{"@type":"ListItem","position":3,"name":"Eisdiele &#038; Bar"}]},{"@type":"WebSite","@id":"https:\/\/www.hoteleuropeo.com\/de\/#website","url":"https:\/\/www.hoteleuropeo.com\/de\/","name":"Hotel Europeo","description":"","potentialAction":[{"@type":"SearchAction","target":{"@type":"EntryPoint","urlTemplate":"https:\/\/www.hoteleuropeo.com\/de\/?s={search_term_string}"},"query-input":{"@type":"PropertyValueSpecification","valueRequired":true,"valueName":"search_term_string"}}],"inLanguage":"de"}]}},"_links":{"self":[{"href":"https:\/\/www.hoteleuropeo.com\/de\/wp-json\/wp\/v2\/pages\/935","targetHints":{"allow":["GET"]}}],"collection":[{"href":"https:\/\/www.hoteleuropeo.com\/de\/wp-json\/wp\/v2\/pages"}],"about":[{"href":"https:\/\/www.hoteleuropeo.com\/de\/wp-json\/wp\/v2\/types\/page"}],"author":[{"embeddable":true,"href":"https:\/\/www.hoteleuropeo.com\/de\/wp-json\/wp\/v2\/users\/1"}],"replies":[{"embeddable":true,"href":"https:\/\/www.hoteleuropeo.com\/de\/wp-json\/wp\/v2\/comments?post=935"}],"version-history":[{"count":8,"href":"https:\/\/www.hoteleuropeo.com\/de\/wp-json\/wp\/v2\/pages\/935\/revisions"}],"predecessor-version":[{"id":2024,"href":"https:\/\/www.hoteleuropeo.com\/de\/wp-json\/wp\/v2\/pages\/935\/revisions\/2024"}],"up":[{"embeddable":true,"href":"https:\/\/www.hoteleuropeo.com\/de\/wp-json\/wp\/v2\/pages\/1007"}],"wp:featuredmedia":[{"embeddable":true,"href":"https:\/\/www.hoteleuropeo.com\/de\/wp-json\/wp\/v2\/media\/604"}],"wp:attachment":[{"href":"https:\/\/www.hoteleuropeo.com\/de\/wp-json\/wp\/v2\/media?parent=935"}],"curies":[{"name":"wp","href":"https:\/\/api.w.org\/{rel}","templated":true}]}}