{"id":15,"date":"2020-01-10T14:36:26","date_gmt":"2020-01-10T13:36:26","guid":{"rendered":"http:\/\/hoteleuropeo.demo2.kioostudio.it\/_wordpress\/?page_id=15"},"modified":"2026-03-25T01:17:32","modified_gmt":"2026-03-25T00:17:32","slug":"home-page","status":"publish","type":"page","link":"https:\/\/www.hoteleuropeo.com\/de\/","title":{"rendered":"Die Essenz des Alpinen Charms"},"content":{"rendered":"<p>Qualit\u00e4t, Herzlichkeit und Privatsph\u00e4re sind die Wahrzeichen des Hotel Europeo. Im Herzen des Naturparks Adamello Brenta und in einem der eindrucksvollsten Gebirgsszenarien der Welt, einem UNESCO-Weltkulturerbe, begr\u00fc\u00dfen wir Sie in einer Atmosph\u00e4re der Tradition und der Emotionen, in der die Natur die wahre Protagonistin ist.<\/p>\n","protected":false},"excerpt":{"rendered":"<p>Qualit\u00e4t, Herzlichkeit und Privatsph\u00e4re sind die Wahrzeichen des Hotel Europeo. Im Herzen des Naturparks Adamello Brenta und in einem der eindrucksvollsten Gebirgsszenarien der Welt, einem UNESCO-Weltkulturerbe, begr\u00fc\u00dfen wir Sie in einer Atmosph\u00e4re der Tradition und der Emotionen, in der die Natur die wahre Protagonistin ist.<\/p>\n","protected":false},"author":1,"featured_media":0,"parent":0,"menu_order":0,"comment_status":"closed","ping_status":"open","template":"","meta":[],"class_list":["post-15","page","type-page","status-publish","hentry","odd"],"yoast_head":"<!-- This site is optimized with the Yoast SEO plugin v27.4 - https:\/\/yoast.com\/product\/yoast-seo-wordpress\/ -->\n<title>Hotel Europeo Pinzolo | Alpine Charme &amp; Wellness | 4 Sterne<\/title>\n<meta name=\"description\" content=\"4 Sterne Alpine Charme &amp; Wellness: Hotel Europeo in Pinzolo. Qualit\u00e4t, herzlicher Empfang und Vertraulichkeit. Buchen Sie jetzt Ihren Urlaub!\" \/>\n<meta name=\"robots\" content=\"index, follow, max-snippet:-1, max-image-preview:large, max-video-preview:-1\" \/>\n<link rel=\"canonical\" href=\"https:\/\/www.hoteleuropeo.com\/de\/\" \/>\n<meta property=\"og:locale\" content=\"de_DE\" \/>\n<meta property=\"og:type\" content=\"article\" \/>\n<meta property=\"og:title\" content=\"Hotel Europeo Pinzolo | Alpine Charme &amp; Wellness | 4 Sterne\" \/>\n<meta property=\"og:description\" content=\"4 Sterne Alpine Charme &amp; Wellness: Hotel Europeo in Pinzolo. Qualit\u00e4t, herzlicher Empfang und Vertraulichkeit. Buchen Sie jetzt Ihren Urlaub!\" \/>\n<meta property=\"og:url\" content=\"https:\/\/www.hoteleuropeo.com\/de\/\" \/>\n<meta property=\"og:site_name\" content=\"Hotel Europeo\" \/>\n<meta property=\"article:modified_time\" content=\"2026-03-25T00:17:32+00:00\" \/>\n<meta name=\"twitter:card\" content=\"summary_large_image\" \/>\n<script type=\"application\/ld+json\" class=\"yoast-schema-graph\">{\"@context\":\"https:\\\/\\\/schema.org\",\"@graph\":[{\"@type\":\"WebPage\",\"@id\":\"https:\\\/\\\/www.hoteleuropeo.com\\\/de\\\/\",\"url\":\"https:\\\/\\\/www.hoteleuropeo.com\\\/de\\\/\",\"name\":\"Hotel Europeo Pinzolo | Alpine Charme & Wellness | 4 Sterne\",\"isPartOf\":{\"@id\":\"https:\\\/\\\/www.hoteleuropeo.com\\\/de\\\/#website\"},\"datePublished\":\"2020-01-10T13:36:26+00:00\",\"dateModified\":\"2026-03-25T00:17:32+00:00\",\"description\":\"4 Sterne Alpine Charme & Wellness: Hotel Europeo in Pinzolo. Qualit\u00e4t, herzlicher Empfang und Vertraulichkeit. Buchen Sie jetzt Ihren Urlaub!\",\"breadcrumb\":{\"@id\":\"https:\\\/\\\/www.hoteleuropeo.com\\\/de\\\/#breadcrumb\"},\"inLanguage\":\"de\",\"potentialAction\":[{\"@type\":\"ReadAction\",\"target\":[\"https:\\\/\\\/www.hoteleuropeo.com\\\/de\\\/\"]}]},{\"@type\":\"BreadcrumbList\",\"@id\":\"https:\\\/\\\/www.hoteleuropeo.com\\\/de\\\/#breadcrumb\",\"itemListElement\":[{\"@type\":\"ListItem\",\"position\":1,\"name\":\"Home\",\"item\":\"https:\\\/\\\/www.hoteleuropeo.com\\\/de\\\/\"},{\"@type\":\"ListItem\",\"position\":2,\"name\":\"Die Essenz des Alpinen Charms\"}]},{\"@type\":\"WebSite\",\"@id\":\"https:\\\/\\\/www.hoteleuropeo.com\\\/de\\\/#website\",\"url\":\"https:\\\/\\\/www.hoteleuropeo.com\\\/de\\\/\",\"name\":\"Hotel Europeo\",\"description\":\"\",\"potentialAction\":[{\"@type\":\"SearchAction\",\"target\":{\"@type\":\"EntryPoint\",\"urlTemplate\":\"https:\\\/\\\/www.hoteleuropeo.com\\\/de\\\/?s={search_term_string}\"},\"query-input\":{\"@type\":\"PropertyValueSpecification\",\"valueRequired\":true,\"valueName\":\"search_term_string\"}}],\"inLanguage\":\"de\"}]}<\/script>\n<!-- \/ Yoast SEO plugin. -->","yoast_head_json":{"title":"Hotel Europeo Pinzolo | Alpine Charme & Wellness | 4 Sterne","description":"4 Sterne Alpine Charme & Wellness: Hotel Europeo in Pinzolo. Qualit\u00e4t, herzlicher Empfang und Vertraulichkeit. Buchen Sie jetzt Ihren Urlaub!","robots":{"index":"index","follow":"follow","max-snippet":"max-snippet:-1","max-image-preview":"max-image-preview:large","max-video-preview":"max-video-preview:-1"},"canonical":"https:\/\/www.hoteleuropeo.com\/de\/","og_locale":"de_DE","og_type":"article","og_title":"Hotel Europeo Pinzolo | Alpine Charme & Wellness | 4 Sterne","og_description":"4 Sterne Alpine Charme & Wellness: Hotel Europeo in Pinzolo. Qualit\u00e4t, herzlicher Empfang und Vertraulichkeit. Buchen Sie jetzt Ihren Urlaub!","og_url":"https:\/\/www.hoteleuropeo.com\/de\/","og_site_name":"Hotel Europeo","article_modified_time":"2026-03-25T00:17:32+00:00","twitter_card":"summary_large_image","schema":{"@context":"https:\/\/schema.org","@graph":[{"@type":"WebPage","@id":"https:\/\/www.hoteleuropeo.com\/de\/","url":"https:\/\/www.hoteleuropeo.com\/de\/","name":"Hotel Europeo Pinzolo | Alpine Charme & Wellness | 4 Sterne","isPartOf":{"@id":"https:\/\/www.hoteleuropeo.com\/de\/#website"},"datePublished":"2020-01-10T13:36:26+00:00","dateModified":"2026-03-25T00:17:32+00:00","description":"4 Sterne Alpine Charme & Wellness: Hotel Europeo in Pinzolo. Qualit\u00e4t, herzlicher Empfang und Vertraulichkeit. Buchen Sie jetzt Ihren Urlaub!","breadcrumb":{"@id":"https:\/\/www.hoteleuropeo.com\/de\/#breadcrumb"},"inLanguage":"de","potentialAction":[{"@type":"ReadAction","target":["https:\/\/www.hoteleuropeo.com\/de\/"]}]},{"@type":"BreadcrumbList","@id":"https:\/\/www.hoteleuropeo.com\/de\/#breadcrumb","itemListElement":[{"@type":"ListItem","position":1,"name":"Home","item":"https:\/\/www.hoteleuropeo.com\/de\/"},{"@type":"ListItem","position":2,"name":"Die Essenz des Alpinen Charms"}]},{"@type":"WebSite","@id":"https:\/\/www.hoteleuropeo.com\/de\/#website","url":"https:\/\/www.hoteleuropeo.com\/de\/","name":"Hotel Europeo","description":"","potentialAction":[{"@type":"SearchAction","target":{"@type":"EntryPoint","urlTemplate":"https:\/\/www.hoteleuropeo.com\/de\/?s={search_term_string}"},"query-input":{"@type":"PropertyValueSpecification","valueRequired":true,"valueName":"search_term_string"}}],"inLanguage":"de"}]}},"_links":{"self":[{"href":"https:\/\/www.hoteleuropeo.com\/de\/wp-json\/wp\/v2\/pages\/15","targetHints":{"allow":["GET"]}}],"collection":[{"href":"https:\/\/www.hoteleuropeo.com\/de\/wp-json\/wp\/v2\/pages"}],"about":[{"href":"https:\/\/www.hoteleuropeo.com\/de\/wp-json\/wp\/v2\/types\/page"}],"author":[{"embeddable":true,"href":"https:\/\/www.hoteleuropeo.com\/de\/wp-json\/wp\/v2\/users\/1"}],"replies":[{"embeddable":true,"href":"https:\/\/www.hoteleuropeo.com\/de\/wp-json\/wp\/v2\/comments?post=15"}],"version-history":[{"count":55,"href":"https:\/\/www.hoteleuropeo.com\/de\/wp-json\/wp\/v2\/pages\/15\/revisions"}],"predecessor-version":[{"id":23003,"href":"https:\/\/www.hoteleuropeo.com\/de\/wp-json\/wp\/v2\/pages\/15\/revisions\/23003"}],"wp:attachment":[{"href":"https:\/\/www.hoteleuropeo.com\/de\/wp-json\/wp\/v2\/media?parent=15"}],"curies":[{"name":"wp","href":"https:\/\/api.w.org\/{rel}","templated":true}]}}